{"id":1978,"date":"2025-12-29T11:59:26","date_gmt":"2025-12-29T10:59:26","guid":{"rendered":"https:\/\/noboempresas.com\/?page_id=1978"},"modified":"2026-03-25T10:35:50","modified_gmt":"2026-03-25T09:35:50","slug":"companies","status":"publish","type":"page","link":"https:\/\/noboempresas.com\/en\/companies\/","title":{"rendered":"Companies"},"content":{"rendered":"[et_pb_section fb_built=&#8221;1&#8243; _builder_version=&#8221;4.27.5&#8243; _module_preset=&#8221;default&#8221; background_color=&#8221;gcid-primary-color&#8221; use_background_color_gradient=&#8221;on&#8221; background_color_gradient_direction=&#8221;360deg&#8221; background_color_gradient_stops=&#8221;#000000 0%|rgba(0, 0, 0, 0.62) 31%|rgba(0,0,0,0) 61%&#8221; background_image=&#8221;https:\/\/noboempresas.com\/wp-content\/uploads\/2026\/01\/banner-empresa-nobo.jpg&#8221; background_blend=&#8221;multiply&#8221; width=&#8221;100vw&#8221; min_height=&#8221;70vh&#8221; custom_margin=&#8221;-50px||||false|false&#8221; custom_padding=&#8221;|0px|25px|0px|false|true&#8221; background_last_edited=&#8221;on|tablet&#8221; use_background_color_gradient_tablet=&#8221;on&#8221; background_color_gradient_stops_tablet=&#8221;#000000 0%|rgba(0, 0, 0, 0.62) 44%|rgba(0,0,0,0) 100%&#8221; custom_css_before=&#8221;display: none;&#8221; custom_css_after=&#8221;display: none;&#8221; custom_css_free_form=&#8221;selector {|| position: relative;|| left: 50%;|| transform: translate(-50%, 0%);|| display: flex;|| flex-direction: column;|| justify-content: flex-end;||}&#8221; locked=&#8221;off&#8221; global_colors_info=&#8221;{%22gcid-primary-color%22:%91%22background_color%22,%22background_color%22,%22background_color%22%93}&#8221;][et_pb_row _builder_version=&#8221;4.27.4&#8243; _module_preset=&#8221;default&#8221; custom_margin=&#8221;0px||0px||true|false&#8221; global_colors_info=&#8221;{}&#8221;][et_pb_column type=&#8221;4_4&#8243; _builder_version=&#8221;4.27.4&#8243; _module_preset=&#8221;default&#8221; global_colors_info=&#8221;{}&#8221;][et_pb_text _builder_version=&#8221;4.27.4&#8243; _module_preset=&#8221;default&#8221; header_font_size=&#8221;2rem&#8221; header_line_height=&#8221;1.2em&#8221; text_orientation=&#8221;center&#8221; global_colors_info=&#8221;{}&#8221;]\n<h1 style=\"color: #bbd42f;\">COMPANIES<\/h1>\n<h1>THAT SHARE NOBO<\/h1>\n[\/et_pb_text][\/et_pb_column][\/et_pb_row][\/et_pb_section][et_pb_section fb_built=&#8221;1&#8243; custom_padding_last_edited=&#8221;on|phone&#8221; _builder_version=&#8221;4.27.4&#8243; _module_preset=&#8221;default&#8221; background_color=&#8221;gcid-primary-color&#8221; width=&#8221;100vw&#8221; custom_padding=&#8221;20px|2.5rem|0px|2.5rem|false|true&#8221; custom_padding_tablet=&#8221;35px||||false|true&#8221; custom_padding_phone=&#8221;20px|1.5rem||1.5rem|false|true&#8221; custom_css_free_form=&#8221;selector {|| position: relative;|| left: 50%;|| transform: translate(-50%, 0%);||}&#8221; locked=&#8221;off&#8221; collapsed=&#8221;off&#8221; global_colors_info=&#8221;{%22gcid-primary-color%22:%91%22background_color%22%93}&#8221;][et_pb_row column_structure=&#8221;1_2,1_2&#8243; use_custom_gutter=&#8221;on&#8221; gutter_width=&#8221;4&#8243; custom_padding_last_edited=&#8221;off|desktop&#8221; _builder_version=&#8221;4.27.4&#8243; _module_preset=&#8221;default&#8221; custom_padding=&#8221;85px||55px||false|false&#8221; custom_padding_tablet=&#8221;0px||||false|false&#8221; custom_padding_phone=&#8221;0px||55px||false|false&#8221; custom_css_free_form=&#8221;selector {|| width: 100% !important;|| max-width: 100% !important;||}&#8221; global_colors_info=&#8221;{}&#8221;][et_pb_column type=&#8221;1_2&#8243; _builder_version=&#8221;4.27.4&#8243; _module_preset=&#8221;default&#8221; custom_padding=&#8221;||||false|false&#8221; global_colors_info=&#8221;{%22gcid-secondary-color%22:%91%22border_color_top%22%93}&#8221;][et_pb_image src=&#8221;https:\/\/noboempresas.com\/wp-content\/uploads\/2025\/09\/pavigym-1.png&#8221; title_text=&#8221;pavigym&#8221; _builder_version=&#8221;4.27.4&#8243; _module_preset=&#8221;default&#8221; custom_margin=&#8221;||25px||false|false&#8221; custom_css_free_form=&#8221;selector .et_pb_image_wrap {|| width: 100% !important;|| max-width: 100% !important;|| height: 100% !important||||}||||selector {|| aspect-ratio: 1.6 !important;|| padding: 35px;|| background-color: white;|| border-radius: 15px;||}||||selector img {|| object-fit: contain;|| object-position: center;|| width: 100% !important;|| max-width: unset !important;|| height: 100% !important;|| max-height: unset !important;||}&#8221; border_radii=&#8221;on|15px|15px|15px|15px&#8221; global_colors_info=&#8221;{}&#8221;][\/et_pb_image][et_pb_text _builder_version=&#8221;4.27.4&#8243; _module_preset=&#8221;default&#8221; text_font=&#8221;&#8211;et_global_body_font|500|||||||&#8221; global_colors_info=&#8221;{}&#8221;]\n<p>A leader in fitness sector solutions, specializing in sports flooring and interactive experiences for gyms worldwide. From NOBO, Pavigym designs and drives projects that enhance the way thousands of people train.<\/p>\n[\/et_pb_text][\/et_pb_column][et_pb_column type=&#8221;1_2&#8243; _builder_version=&#8221;4.27.4&#8243; _module_preset=&#8221;default&#8221; global_colors_info=&#8221;{}&#8221;][et_pb_image src=&#8221;https:\/\/noboempresas.com\/wp-content\/uploads\/2023\/06\/Porsche-Alicante.png&#8221; title_text=&#8221;Porsche Alicante&#8221; _builder_version=&#8221;4.27.4&#8243; _module_preset=&#8221;default&#8221; background_color=&#8221;#FFFFFF&#8221; custom_margin=&#8221;||25px||false|false&#8221; custom_padding=&#8221;||||false|false&#8221; custom_css_free_form=&#8221;selector .et_pb_image_wrap {|| width: 100% !important;|| max-width: 100% !important;|| height: 100% !important||||}||||selector {|| aspect-ratio: 1.6 !important;|| padding: 35px;|| background-color: white;|| border-radius: 15px;||}||||selector img {|| object-fit: contain;|| object-position: center;|| width: 100% !important;|| max-width: unset !important;|| height: 100% !important;|| max-height: unset !important;||}&#8221; border_radii=&#8221;on|15px|15px|15px|15px&#8221; global_colors_info=&#8221;{}&#8221;][\/et_pb_image][et_pb_text _builder_version=&#8221;4.27.4&#8243; _module_preset=&#8221;default&#8221; text_font=&#8221;&#8211;et_global_body_font|500|||||||&#8221; global_colors_info=&#8221;{}&#8221;]\n<p>Official Porsche dealership in Alicante, a benchmark in the sale and service of the brand\u2019s vehicles. From their space at NOBO, they offer a premium experience aligned with Porsche standards, for both private and corporate clients.<\/p>\n[\/et_pb_text][\/et_pb_column][\/et_pb_row][et_pb_row column_structure=&#8221;1_2,1_2&#8243; use_custom_gutter=&#8221;on&#8221; gutter_width=&#8221;4&#8243; custom_padding_last_edited=&#8221;off|desktop&#8221; _builder_version=&#8221;4.27.4&#8243; _module_preset=&#8221;default&#8221; custom_padding=&#8221;35px||55px||false|false&#8221; custom_padding_tablet=&#8221;0px||||false|false&#8221; custom_padding_phone=&#8221;0px||||false|false&#8221; custom_css_free_form=&#8221;selector {|| width: 100% !important;|| max-width: 100% !important;||}&#8221; global_colors_info=&#8221;{}&#8221;][et_pb_column type=&#8221;1_2&#8243; _builder_version=&#8221;4.27.4&#8243; _module_preset=&#8221;default&#8221; custom_padding=&#8221;||||false|false&#8221; global_colors_info=&#8221;{%22gcid-secondary-color%22:%91%22border_color_top%22%93}&#8221;][et_pb_image src=&#8221;https:\/\/noboempresas.com\/wp-content\/uploads\/2025\/09\/tdg-logo-1.png&#8221; title_text=&#8221;tdg-logo&#8221; _builder_version=&#8221;4.27.4&#8243; _module_preset=&#8221;default&#8221; custom_margin=&#8221;||25px||false|false&#8221; custom_css_free_form=&#8221;selector .et_pb_image_wrap {|| width: 100% !important;|| max-width: 100% !important;|| height: 100% !important||||}||||selector {|| aspect-ratio: 1.6 !important;|| padding: 35px;|| background-color: white;|| border-radius: 15px;||}||||selector img {|| object-fit: contain;|| object-position: center;|| width: 100% !important;|| max-width: unset !important;|| height: 100% !important;|| max-height: unset !important;||}&#8221; border_radii=&#8221;on|15px|15px|15px|15px&#8221; global_colors_info=&#8221;{}&#8221;][\/et_pb_image][et_pb_text _builder_version=&#8221;4.27.4&#8243; _module_preset=&#8221;default&#8221; text_font=&#8221;&#8211;et_global_body_font|500|||||||&#8221; global_colors_info=&#8221;{}&#8221;]\n<p>A vehicle detailing and restoration center with years of experience in automotive aesthetics. TDG combines technique, high-end products, and a passion for motors to deliver professional-level results.<\/p>\n[\/et_pb_text][\/et_pb_column][et_pb_column type=&#8221;1_2&#8243; _builder_version=&#8221;4.27.4&#8243; _module_preset=&#8221;default&#8221; global_colors_info=&#8221;{}&#8221;][et_pb_image src=&#8221;https:\/\/noboempresas.com\/wp-content\/uploads\/2025\/12\/konsgberg.jpg&#8221; title_text=&#8221;konsgberg&#8221; _builder_version=&#8221;4.27.4&#8243; _module_preset=&#8221;default&#8221; background_color=&#8221;#FFFFFF&#8221; custom_margin=&#8221;||25px||false|false&#8221; custom_padding=&#8221;||||false|false&#8221; custom_css_free_form=&#8221;selector .et_pb_image_wrap {|| width: 100% !important;|| max-width: 100% !important;|| height: 100% !important||||}||||selector {|| aspect-ratio: 1.6 !important;|| padding: 35px;|| background-color: white;|| border-radius: 15px;||}||||selector img {|| object-fit: contain;|| object-position: center;|| width: 100% !important;|| max-width: unset !important;|| height: 100% !important;|| max-height: unset !important;||}&#8221; border_radii=&#8221;on|15px|15px|15px|15px&#8221; global_colors_info=&#8221;{}&#8221;][\/et_pb_image][et_pb_text _builder_version=&#8221;4.27.4&#8243; _module_preset=&#8221;default&#8221; text_font=&#8221;&#8211;et_global_body_font|500|||||||&#8221; global_colors_info=&#8221;{}&#8221;]\n<p>An international group of Norwegian origin dedicated to the development of advanced technology and engineering for sectors such as maritime, automotive, defense, and energy. Their presence at NOBO reinforces the global and technological character of our business ecosystem.<\/p>\n[\/et_pb_text][\/et_pb_column][\/et_pb_row][et_pb_row column_structure=&#8221;1_2,1_2&#8243; use_custom_gutter=&#8221;on&#8221; gutter_width=&#8221;4&#8243; custom_padding_last_edited=&#8221;off|desktop&#8221; _builder_version=&#8221;4.27.4&#8243; _module_preset=&#8221;default&#8221; custom_padding=&#8221;35px||55px||false|false&#8221; custom_padding_tablet=&#8221;0px||||false|false&#8221; custom_padding_phone=&#8221;0px||||false|false&#8221; custom_css_free_form=&#8221;selector {|| width: 100% !important;|| max-width: 100% !important;||}&#8221; locked=&#8221;off&#8221; global_colors_info=&#8221;{}&#8221;][et_pb_column type=&#8221;1_2&#8243; _builder_version=&#8221;4.27.4&#8243; _module_preset=&#8221;default&#8221; custom_padding=&#8221;||||false|false&#8221; global_colors_info=&#8221;{%22gcid-secondary-color%22:%91%22border_color_top%22%93}&#8221;][et_pb_image src=&#8221;https:\/\/noboempresas.com\/wp-content\/uploads\/2025\/12\/intramuros.jpg&#8221; title_text=&#8221;intramuros&#8221; _builder_version=&#8221;4.27.4&#8243; _module_preset=&#8221;default&#8221; custom_margin=&#8221;||25px||false|false&#8221; custom_css_free_form=&#8221;selector .et_pb_image_wrap {|| width: 100% !important;|| max-width: 100% !important;|| height: 100% !important||||}||||selector {|| aspect-ratio: 1.6 !important;|| padding: 35px;|| background-color: #000000;|| border-radius: 15px;||}||||selector img {|| object-fit: contain;|| object-position: center;|| width: 100% !important;|| max-width: unset !important;|| height: 100% !important;|| max-height: unset !important;||}&#8221; border_radii=&#8221;on|15px|15px|15px|15px&#8221; global_colors_info=&#8221;{}&#8221;][\/et_pb_image][et_pb_text _builder_version=&#8221;4.27.4&#8243; _module_preset=&#8221;default&#8221; text_font=&#8221;&#8211;et_global_body_font|500|||||||&#8221; global_colors_info=&#8221;{}&#8221;]\n<p>Estudio especializado en arquitectura y proyectos inmobiliarios, enfocado en crear espacios singulares, funcionales y con un dise\u00f1o muy cuidado. Desde sus oficinas en NOBO, desarrollan proyectos que combinan visi\u00f3n creativa y gesti\u00f3n t\u00e9cnica.<\/p>\n[\/et_pb_text][\/et_pb_column][et_pb_column type=&#8221;1_2&#8243; _builder_version=&#8221;4.27.4&#8243; _module_preset=&#8221;default&#8221; global_colors_info=&#8221;{}&#8221;][et_pb_image src=&#8221;https:\/\/noboempresas.com\/wp-content\/uploads\/2025\/12\/coolbottles.jpg&#8221; title_text=&#8221;coolbottles&#8221; _builder_version=&#8221;4.27.4&#8243; _module_preset=&#8221;default&#8221; background_color=&#8221;#FFFFFF&#8221; custom_margin=&#8221;||25px||false|false&#8221; custom_padding=&#8221;||||false|false&#8221; custom_css_free_form=&#8221;selector .et_pb_image_wrap {|| width: 100% !important;|| max-width: 100% !important;|| height: 100% !important||||}||||selector {|| aspect-ratio: 1.6 !important;|| padding: 35px;|| background-color: white;|| border-radius: 15px;||}||||selector img {|| object-fit: contain;|| object-position: center;|| width: 100% !important;|| max-width: unset !important;|| height: 100% !important;|| max-height: unset !important;||}&#8221; border_radii=&#8221;on|15px|15px|15px|15px&#8221; global_colors_info=&#8221;{}&#8221;][\/et_pb_image][et_pb_text _builder_version=&#8221;4.27.4&#8243; _module_preset=&#8221;default&#8221; text_font=&#8221;&#8211;et_global_body_font|500|||||||&#8221; global_colors_info=&#8221;{}&#8221;]\n<p>A brand born in Alicante, specializing in designer reusable bottles and cups that combine functionality, innovation, and sustainability. At NOBO, they continue driving their mission: reducing single-use plastic with \u201ccool\u201d products for everyday life.<\/p>\n[\/et_pb_text][\/et_pb_column][\/et_pb_row][et_pb_row column_structure=&#8221;1_2,1_2&#8243; use_custom_gutter=&#8221;on&#8221; gutter_width=&#8221;4&#8243; custom_padding_last_edited=&#8221;off|desktop&#8221; _builder_version=&#8221;4.27.4&#8243; _module_preset=&#8221;default&#8221; custom_padding=&#8221;35px||55px||false|false&#8221; custom_padding_tablet=&#8221;0px||||false|false&#8221; custom_padding_phone=&#8221;0px||||false|false&#8221; custom_css_free_form=&#8221;selector {|| width: 100% !important;|| max-width: 100% !important;||}&#8221; locked=&#8221;off&#8221; global_colors_info=&#8221;{}&#8221;][et_pb_column type=&#8221;1_2&#8243; _builder_version=&#8221;4.27.4&#8243; _module_preset=&#8221;default&#8221; custom_padding=&#8221;||||false|false&#8221; global_colors_info=&#8221;{%22gcid-secondary-color%22:%91%22border_color_top%22%93}&#8221;][et_pb_image src=&#8221;https:\/\/noboempresas.com\/wp-content\/uploads\/2025\/12\/alannia.jpg&#8221; title_text=&#8221;alannia&#8221; _builder_version=&#8221;4.27.4&#8243; _module_preset=&#8221;default&#8221; custom_margin=&#8221;||25px||false|false&#8221; custom_css_free_form=&#8221;selector .et_pb_image_wrap {|| width: 100% !important;|| max-width: 100% !important;|| height: 100% !important||||}||||selector {|| aspect-ratio: 1.6 !important;|| padding: 35px;|| background-color: white;|| border-radius: 15px;||}||||selector img {|| object-fit: contain;|| object-position: center;|| width: 100% !important;|| max-width: unset !important;|| height: 100% !important;|| max-height: unset !important;||}&#8221; border_radii=&#8221;on|15px|15px|15px|15px&#8221; global_colors_info=&#8221;{}&#8221;][\/et_pb_image][et_pb_text _builder_version=&#8221;4.27.4&#8243; _module_preset=&#8221;default&#8221; text_font=&#8221;&#8211;et_global_body_font|500|||||||&#8221; global_colors_info=&#8221;{}&#8221;]\n<p>A flagship holiday resort on the Costa Blanca, specializing in family experiences with comprehensive facilities and leisure services throughout the year. At NOBO, they manage part of its operations and growth.<\/p>\n[\/et_pb_text][\/et_pb_column][et_pb_column type=&#8221;1_2&#8243; _builder_version=&#8221;4.27.4&#8243; _module_preset=&#8221;default&#8221; global_colors_info=&#8221;{}&#8221;][et_pb_image src=&#8221;https:\/\/noboempresas.com\/wp-content\/uploads\/2026\/03\/ue-logo-new.svg&#8221; title_text=&#8221;ue-logo-new&#8221; _builder_version=&#8221;4.27.5&#8243; _module_preset=&#8221;default&#8221; custom_margin=&#8221;||25px||false|false&#8221; hover_enabled=&#8221;0&#8243; custom_css_free_form=&#8221;selector .et_pb_image_wrap  {||  width: 100% !important;||  max-width: 100% !important;||  height: 100% !important||||}||||selector {||\taspect-ratio: 1.6 !important;||  padding: 35px;||  background-color: white;||  border-radius: 15px;||}||||selector img {||    object-fit: contain;||    object-position: center;||    width: 100% !important;||    max-width: unset !important;||    height: 100% !important;||    max-height: unset !important;||}&#8221; border_radii=&#8221;on|15px|15px|15px|15px&#8221; global_colors_info=&#8221;{}&#8221; url=&#8221;https:\/\/universidadeuropea.com\/conocenos\/valencia\/?utm_source=GOOGLE&#038;utm_campaign=GAD-UEV-FF-MI-NAC-EUR-ES-BRD-VAR-SP-SR-PRO-KEY-TXT-BRAND&#038;utm_id=185903097786&#038;utm_medium=paidsearch&#038;utm_content=&#038;utm_term=&#038;uecrm=7017U000000YEyRQAW&#038;gad_source=1&#038;gad_campaignid=70331985&#038;gbraid=0AAAAADr9iJJsqnv1pXPlwPhSNVshjjyTb&#8221; url_new_window=&#8221;on&#8221; sticky_enabled=&#8221;0&#8243; locked=&#8221;off&#8221;][\/et_pb_image][et_pb_text _builder_version=&#8221;4.27.5&#8243; _module_preset=&#8221;default&#8221; text_font=&#8221;&#8211;et_global_body_font|500|||||||&#8221; hover_enabled=&#8221;0&#8243; global_colors_info=&#8221;{}&#8221; sticky_enabled=&#8221;0&#8243;]\n<p>The European University of Valencia is joining our initiative, bringing its innovative approach to education and strengthening the connection between the academic world and the business community.<\/p>\n[\/et_pb_text][\/et_pb_column][\/et_pb_row][\/et_pb_section][et_pb_section fb_built=&#8221;1&#8243; custom_padding_last_edited=&#8221;on|phone&#8221; disabled_on=&#8221;on|on|on&#8221; _builder_version=&#8221;4.27.5&#8243; _module_preset=&#8221;default&#8221; background_color=&#8221;gcid-primary-color&#8221; width=&#8221;100vw&#8221; custom_padding=&#8221;55px|2.5rem|0px|2.5rem|false|true&#8221; custom_padding_tablet=&#8221;55px||||false|true&#8221; custom_padding_phone=&#8221;55px|1.5rem||1.5rem|false|true&#8221; custom_css_free_form=&#8221;selector {|| position: relative;|| left: 50%;|| transform: translate(-50%, 0%);||}&#8221; disabled=&#8221;on&#8221; locked=&#8221;off&#8221; collapsed=&#8221;off&#8221; global_colors_info=&#8221;{%22gcid-primary-color%22:%91%22background_color%22%93}&#8221;][et_pb_row use_custom_gutter=&#8221;on&#8221; gutter_width=&#8221;4&#8243; custom_padding_last_edited=&#8221;on|phone&#8221; _builder_version=&#8221;4.27.4&#8243; _module_preset=&#8221;default&#8221; use_background_color_gradient=&#8221;on&#8221; background_color_gradient_direction=&#8221;144deg&#8221; background_color_gradient_stops=&#8221;#0f0f0f 30%|#595959 100%&#8221; custom_padding=&#8221;125px|105px|125px|105px|true|true&#8221; custom_padding_tablet=&#8221;85px|55px|85px|55px|true|true&#8221; custom_padding_phone=&#8221;85px|25px|85px|25px|true|true&#8221; link_option_url=&#8221;https:\/\/noboempresas.com\/en\/contact\/&#8221; custom_css_free_form=&#8221;selector {|| width: 100% !important;|| max-width: 100% !important;||}&#8221; border_radii=&#8221;on|15px|15px|15px|15px&#8221; global_colors_info=&#8221;{}&#8221;][et_pb_column type=&#8221;4_4&#8243; _builder_version=&#8221;4.27.4&#8243; _module_preset=&#8221;default&#8221; custom_padding=&#8221;||||false|false&#8221; global_colors_info=&#8221;{%22gcid-secondary-color%22:%91%22border_color_top%22%93}&#8221;][et_pb_text _builder_version=&#8221;4.27.4&#8243; _module_preset=&#8221;default&#8221; text_font=&#8221;&#8211;et_global_body_font||||||||&#8221; text_font_size=&#8221;1.2em&#8221; text_line_height=&#8221;1.5em&#8221; header_font=&#8221;&#8211;et_global_heading_font|600|||||||&#8221; header_2_font=&#8221;&#8211;et_global_heading_font|700|||||||&#8221; header_2_text_color=&#8221;gcid-secondary-color&#8221; header_2_font_size=&#8221;1.2em&#8221; header_2_line_height=&#8221;1.4em&#8221; text_orientation=&#8221;center&#8221; custom_margin=&#8221;||25px||false|false&#8221; custom_padding=&#8221;||||false|false&#8221; global_colors_info=&#8221;{%22gcid-secondary-color%22:%91%22header_2_text_color%22%93}&#8221;]\n<h2>WOULD YOU LIKE TO BE PART OF NOBO?<\/h2>\n<p>If you want your company to share space with leading brands and design bespoke offices within a unique business environment, we would be delighted to hear from you.<\/p>\n[\/et_pb_text][et_pb_button button_url=&#8221;https:\/\/noboempresas.com\/en\/contact\/&#8221; button_text=&#8221;Contact&#8221; button_alignment=&#8221;center&#8221; _builder_version=&#8221;4.27.4&#8243; _module_preset=&#8221;default&#8221; custom_button=&#8221;on&#8221; button_text_color=&#8221;gcid-primary-color&#8221; button_bg_color=&#8221;gcid-secondary-color&#8221; button_border_width=&#8221;0px&#8221; button_border_radius=&#8221;250px&#8221; button_font=&#8221;||||||||&#8221; button_use_icon=&#8221;off&#8221; custom_padding=&#8221;10px|60px|10px|60px|true|true&#8221; locked=&#8221;off&#8221; global_colors_info=&#8221;{%22gcid-primary-color%22:%91%22button_text_color%22%93,%22gcid-secondary-color%22:%91%22button_bg_color%22,%22button_bg_color__hover%22%93}&#8221; button_bg_color__hover_enabled=&#8221;on|hover&#8221; button_bg_color__hover=&#8221;#bbd42f&#8221; button_bg_enable_color__hover=&#8221;on&#8221;][\/et_pb_button][\/et_pb_column][\/et_pb_row][\/et_pb_section]\n","protected":false},"excerpt":{"rendered":"<p>COMPANIES THAT SHARE NOBO A leader in fitness sector&#8230;<\/p>\n","protected":false},"author":2,"featured_media":0,"parent":0,"menu_order":0,"comment_status":"closed","ping_status":"closed","template":"","meta":{"_acf_changed":false,"_et_pb_use_builder":"on","_et_pb_old_content":"","_et_gb_content_width":"","footnotes":""},"class_list":["post-1978","page","type-page","status-publish","hentry"],"acf":[],"yoast_head":"<!-- This site is optimized with the Yoast SEO plugin v26.6 - https:\/\/yoast.com\/wordpress\/plugins\/seo\/ -->\n<title>Companies - Nobo Empresas<\/title>\n<meta name=\"robots\" content=\"index, follow, max-snippet:-1, max-image-preview:large, max-video-preview:-1\" \/>\n<link rel=\"canonical\" href=\"https:\/\/noboempresas.com\/en\/companies\/\" \/>\n<meta property=\"og:locale\" content=\"en_US\" \/>\n<meta property=\"og:type\" content=\"article\" \/>\n<meta property=\"og:title\" content=\"Companies - Nobo Empresas\" \/>\n<meta property=\"og:description\" content=\"COMPANIES THAT SHARE NOBO A leader in fitness sector...\" \/>\n<meta property=\"og:url\" content=\"https:\/\/noboempresas.com\/en\/companies\/\" \/>\n<meta property=\"og:site_name\" content=\"Nobo Empresas\" \/>\n<meta property=\"article:modified_time\" content=\"2026-03-25T09:35:50+00:00\" \/>\n<meta name=\"twitter:card\" content=\"summary_large_image\" \/>\n<meta name=\"twitter:label1\" content=\"Est. reading time\" \/>\n\t<meta name=\"twitter:data1\" content=\"3 minutes\" \/>\n<script type=\"application\/ld+json\" class=\"yoast-schema-graph\">{\"@context\":\"https:\/\/schema.org\",\"@graph\":[{\"@type\":\"WebPage\",\"@id\":\"https:\/\/noboempresas.com\/en\/companies\/\",\"url\":\"https:\/\/noboempresas.com\/en\/companies\/\",\"name\":\"Companies - Nobo Empresas\",\"isPartOf\":{\"@id\":\"https:\/\/noboempresas.com\/en\/#website\"},\"datePublished\":\"2025-12-29T10:59:26+00:00\",\"dateModified\":\"2026-03-25T09:35:50+00:00\",\"breadcrumb\":{\"@id\":\"https:\/\/noboempresas.com\/en\/companies\/#breadcrumb\"},\"inLanguage\":\"en-US\",\"potentialAction\":[{\"@type\":\"ReadAction\",\"target\":[\"https:\/\/noboempresas.com\/en\/companies\/\"]}]},{\"@type\":\"BreadcrumbList\",\"@id\":\"https:\/\/noboempresas.com\/en\/companies\/#breadcrumb\",\"itemListElement\":[{\"@type\":\"ListItem\",\"position\":1,\"name\":\"Portada\",\"item\":\"https:\/\/noboempresas.com\/en\/\"},{\"@type\":\"ListItem\",\"position\":2,\"name\":\"Companies\"}]},{\"@type\":\"WebSite\",\"@id\":\"https:\/\/noboempresas.com\/en\/#website\",\"url\":\"https:\/\/noboempresas.com\/en\/\",\"name\":\"Nobo Empresas\",\"description\":\"Centro de avanzado de empresas\",\"potentialAction\":[{\"@type\":\"SearchAction\",\"target\":{\"@type\":\"EntryPoint\",\"urlTemplate\":\"https:\/\/noboempresas.com\/en\/?s={search_term_string}\"},\"query-input\":{\"@type\":\"PropertyValueSpecification\",\"valueRequired\":true,\"valueName\":\"search_term_string\"}}],\"inLanguage\":\"en-US\"}]}<\/script>\n<!-- \/ Yoast SEO plugin. -->","yoast_head_json":{"title":"Companies - Nobo Empresas","robots":{"index":"index","follow":"follow","max-snippet":"max-snippet:-1","max-image-preview":"max-image-preview:large","max-video-preview":"max-video-preview:-1"},"canonical":"https:\/\/noboempresas.com\/en\/companies\/","og_locale":"en_US","og_type":"article","og_title":"Companies - Nobo Empresas","og_description":"COMPANIES THAT SHARE NOBO A leader in fitness sector...","og_url":"https:\/\/noboempresas.com\/en\/companies\/","og_site_name":"Nobo Empresas","article_modified_time":"2026-03-25T09:35:50+00:00","twitter_card":"summary_large_image","twitter_misc":{"Est. reading time":"3 minutes"},"schema":{"@context":"https:\/\/schema.org","@graph":[{"@type":"WebPage","@id":"https:\/\/noboempresas.com\/en\/companies\/","url":"https:\/\/noboempresas.com\/en\/companies\/","name":"Companies - Nobo Empresas","isPartOf":{"@id":"https:\/\/noboempresas.com\/en\/#website"},"datePublished":"2025-12-29T10:59:26+00:00","dateModified":"2026-03-25T09:35:50+00:00","breadcrumb":{"@id":"https:\/\/noboempresas.com\/en\/companies\/#breadcrumb"},"inLanguage":"en-US","potentialAction":[{"@type":"ReadAction","target":["https:\/\/noboempresas.com\/en\/companies\/"]}]},{"@type":"BreadcrumbList","@id":"https:\/\/noboempresas.com\/en\/companies\/#breadcrumb","itemListElement":[{"@type":"ListItem","position":1,"name":"Portada","item":"https:\/\/noboempresas.com\/en\/"},{"@type":"ListItem","position":2,"name":"Companies"}]},{"@type":"WebSite","@id":"https:\/\/noboempresas.com\/en\/#website","url":"https:\/\/noboempresas.com\/en\/","name":"Nobo Empresas","description":"Centro de avanzado de empresas","potentialAction":[{"@type":"SearchAction","target":{"@type":"EntryPoint","urlTemplate":"https:\/\/noboempresas.com\/en\/?s={search_term_string}"},"query-input":{"@type":"PropertyValueSpecification","valueRequired":true,"valueName":"search_term_string"}}],"inLanguage":"en-US"}]}},"_links":{"self":[{"href":"https:\/\/noboempresas.com\/en\/wp-json\/wp\/v2\/pages\/1978","targetHints":{"allow":["GET"]}}],"collection":[{"href":"https:\/\/noboempresas.com\/en\/wp-json\/wp\/v2\/pages"}],"about":[{"href":"https:\/\/noboempresas.com\/en\/wp-json\/wp\/v2\/types\/page"}],"author":[{"embeddable":true,"href":"https:\/\/noboempresas.com\/en\/wp-json\/wp\/v2\/users\/2"}],"replies":[{"embeddable":true,"href":"https:\/\/noboempresas.com\/en\/wp-json\/wp\/v2\/comments?post=1978"}],"version-history":[{"count":11,"href":"https:\/\/noboempresas.com\/en\/wp-json\/wp\/v2\/pages\/1978\/revisions"}],"predecessor-version":[{"id":2025,"href":"https:\/\/noboempresas.com\/en\/wp-json\/wp\/v2\/pages\/1978\/revisions\/2025"}],"wp:attachment":[{"href":"https:\/\/noboempresas.com\/en\/wp-json\/wp\/v2\/media?parent=1978"}],"curies":[{"name":"wp","href":"https:\/\/api.w.org\/{rel}","templated":true}]}}